{"id":13,"date":"2012-10-26T15:18:22","date_gmt":"2012-10-26T15:18:22","guid":{"rendered":"http:\/\/themichaelgarcia.com\/white-rock\/?page_id=13"},"modified":"2021-08-17T12:20:57","modified_gmt":"2021-08-17T09:20:57","slug":"about-us","status":"publish","type":"page","link":"https:\/\/norrbro.fi\/fi\/about-us\/","title":{"rendered":"Meist\u00e4"},"content":{"rendered":"<p><div class=\"grid2column\"><\/p>\n<h3 style=\"text-align: center;\">Tervetuloa Norrbrolle!<br \/>\n&#8211; Myymme luomu karitsanlihaa . Kotisivullamme voitte tutustua meid\u00e4n tuotantoomme sek\u00e4 tuotteisiin.<\/h3>\n<div><\/div>\n<p>Norrbron luomutila sijaitsee Ylimarkussa, noin 55 km Vaasasta etel\u00e4\u00e4n. Me, Ann-Katrin ja Anders Norrback olemme tilan omistajat. Perheeseen kuuluu meid\u00e4n lis\u00e4ksi viisi lasta, koira ja kissa.<\/p>\n<p>Ann-Katrin on koulutukseltaan agrologi ja Anders on agronomi. Olemme molemmat olleet t\u00f6iss\u00e4 muualla aikaisemmin, jolloin tilalla oli kasvinviljely\u00e4.<br \/>\n<\/div><\/p>\n<div class=\"grid2column lastcolumn\"><a href=\"http:\/\/norrbro.fi\/wp-content\/uploads\/2013\/08\/Norrbro-Frontpage-3.jpg\" data-rel=\"lightbox-gallery-V18iareT\" data-rl_title=\"\" data-rl_caption=\"\" title=\"\"><img loading=\"lazy\" decoding=\"async\" class=\"alignnone size-medium wp-image-2021\" src=\"http:\/\/norrbro.fi\/wp-content\/uploads\/2013\/08\/Norrbro-Frontpage-3-300x200.jpg\" alt=\"Norrbro Frontpage-3\" width=\"300\" height=\"200\" srcset=\"https:\/\/norrbro.fi\/wp-content\/uploads\/2013\/08\/Norrbro-Frontpage-3-300x200.jpg 300w, https:\/\/norrbro.fi\/wp-content\/uploads\/2013\/08\/Norrbro-Frontpage-3-1024x682.jpg 1024w, https:\/\/norrbro.fi\/wp-content\/uploads\/2013\/08\/Norrbro-Frontpage-3-1140x760.jpg 1140w, https:\/\/norrbro.fi\/wp-content\/uploads\/2013\/08\/Norrbro-Frontpage-3.jpg 1920w\" sizes=\"auto, (max-width: 300px) 100vw, 300px\" \/><\/a><\/div><div class=\"clearfix\"><\/div>\n<div class=\"grid2column\"><a href=\"http:\/\/norrbro.fi\/wp-content\/uploads\/2013\/08\/Norrbro-Frontpage.jpg\" data-rel=\"lightbox-gallery-V18iareT\" data-rl_title=\"\" data-rl_caption=\"\" title=\"\"><img loading=\"lazy\" decoding=\"async\" class=\"alignnone size-medium wp-image-2019\" src=\"http:\/\/norrbro.fi\/wp-content\/uploads\/2013\/08\/Norrbro-Frontpage-300x200.jpg\" alt=\"Norrbro Frontpage\" width=\"300\" height=\"200\" srcset=\"https:\/\/norrbro.fi\/wp-content\/uploads\/2013\/08\/Norrbro-Frontpage-300x200.jpg 300w, https:\/\/norrbro.fi\/wp-content\/uploads\/2013\/08\/Norrbro-Frontpage-1024x682.jpg 1024w, https:\/\/norrbro.fi\/wp-content\/uploads\/2013\/08\/Norrbro-Frontpage-1140x760.jpg 1140w, https:\/\/norrbro.fi\/wp-content\/uploads\/2013\/08\/Norrbro-Frontpage.jpg 1920w\" sizes=\"auto, (max-width: 300px) 100vw, 300px\" \/><\/a><\/div>\n<div class=\"grid2column lastcolumn\">Olemme kuitenkin unelmoineet tilan kehitt\u00e4misest\u00e4 ty\u00f6paikaksemme ja elantomme turvaajaksi. Olimme miettineet monenlaisia vaihtoehtoja ja syksyll\u00e4 2011 ostimme 15 ensimm\u00e4ist\u00e4 em\u00e4lammasta kokeilumieless\u00e4. Totesimme, ett\u00e4 el\u00e4m\u00e4 lampaiden kanssa sopii meille!<\/p>\n<p>Uusi lampola, jossa on tilaa 220 uuhelle, valmistui syksyll\u00e4 2013. Lampola mahdollistaa el\u00e4inten liikkumisen my\u00f6s ulkona ymp\u00e4ri vuoden. Talvella on k\u00e4ytett\u00e4viss\u00e4 aidattu tila lampolan ymp\u00e4ri ja kes\u00e4ll\u00e4 lampaat k\u00e4yv\u00e4t tietysti laitumella.<br \/>\nOlemme my\u00f6s teurastamon, Oy Tajma Ab, osakkeen omistajia. Hoidamme siis koko tuotantoketjun karitsojen syntym\u00e4st\u00e4 valmiiksi herkkuruoaksi saakka. Kuljetamme el\u00e4imet omalla autollamme ja myymme lihaa suoraan teille kuluttajille.<\/div><div class=\"clearfix\"><\/div>\n<div class=\"grid2column\">\n<h3 style=\"text-align: center;\"><\/h3>\n<h3 style=\"text-align: center;\">Historia<\/h3>\n<p>Norrbro on vanha sukutila, jonka juuret ovat 1700-luvulla. P\u00e4\u00e4rakennus lienee ollut valmiina 1800-luvun alussa, jolloin ven\u00e4l\u00e4iset sotilaat meniv\u00e4t ohi alueen ja Suomi liitettiin Ven\u00e4j\u00e4n tsaarien valtakuntaan. Pienemp\u00e4\u00e4 asuintaloa lukuun ottamatta, muut rakennukset ovat 1900-luvulta. Pieni viljakuivuri, johon mahtui 15 hehtolitraa, rakennettiin 1940- luvulla, ja sit\u00e4 kymmenen kertaa isompi valmistui 1970-luvulla. 1930-luvulla valmistunut navetta oli silloin hyvin uudenaikainen. Siin\u00e4 pidettiin noin 10 lehm\u00e4\u00e4, ainakin 2 hevosta ja muita kotiel\u00e4imi\u00e4 1970-luvulle asti, jolloin luovuttiin kotiel\u00e4imist\u00e4. Norrbro oli viljatila vuoteen 2012 asti, jolloin aloimme hoitaa lampaita.<\/p>\n<p><\/div><div class=\"grid2column lastcolumn\"><a href=\"http:\/\/norrbro.fi\/wp-content\/uploads\/2012\/10\/Framsida-3.jpg\" data-rel=\"lightbox-gallery-V18iareT\" data-rl_title=\"\" data-rl_caption=\"\" title=\"\"><img loading=\"lazy\" decoding=\"async\" class=\"alignnone size-medium wp-image-2162\" src=\"http:\/\/norrbro.fi\/wp-content\/uploads\/2012\/10\/Framsida-3-300x200.jpg\" alt=\"\" width=\"300\" height=\"200\" srcset=\"https:\/\/norrbro.fi\/wp-content\/uploads\/2012\/10\/Framsida-3-300x200.jpg 300w, https:\/\/norrbro.fi\/wp-content\/uploads\/2012\/10\/Framsida-3-1024x682.jpg 1024w, https:\/\/norrbro.fi\/wp-content\/uploads\/2012\/10\/Framsida-3-1140x760.jpg 1140w, https:\/\/norrbro.fi\/wp-content\/uploads\/2012\/10\/Framsida-3.jpg 1200w\" sizes=\"auto, (max-width: 300px) 100vw, 300px\" \/><\/a><\/div><div class=\"clearfix\"><\/div><\/p>\n<p><div class=\"grid2column\"><a href=\"http:\/\/norrbro.fi\/wp-content\/uploads\/2013\/08\/Norrbro-Frontpage-2.jpg\" data-rel=\"lightbox-gallery-V18iareT\" data-rl_title=\"\" data-rl_caption=\"\" title=\"\"><img loading=\"lazy\" decoding=\"async\" class=\"alignnone size-medium wp-image-2017\" src=\"http:\/\/norrbro.fi\/wp-content\/uploads\/2013\/08\/Norrbro-Frontpage-2-300x200.jpg\" alt=\"Norrbro Frontpage-2\" width=\"300\" height=\"200\" srcset=\"https:\/\/norrbro.fi\/wp-content\/uploads\/2013\/08\/Norrbro-Frontpage-2-300x200.jpg 300w, https:\/\/norrbro.fi\/wp-content\/uploads\/2013\/08\/Norrbro-Frontpage-2-1024x682.jpg 1024w, https:\/\/norrbro.fi\/wp-content\/uploads\/2013\/08\/Norrbro-Frontpage-2-1140x760.jpg 1140w, https:\/\/norrbro.fi\/wp-content\/uploads\/2013\/08\/Norrbro-Frontpage-2.jpg 1920w\" sizes=\"auto, (max-width: 300px) 100vw, 300px\" \/><\/a><\/div><div class=\"grid2column lastcolumn\"><\/p>\n<p>Perinteist\u00e4 maanviljely\u00e4 on koko ajan harrastettu. Ensimm\u00e4isen maailmansodan j\u00e4lkeen aloitettiin turpeenotto. Turpeesta tehtiin turvepehkua, joka k\u00e4ytettiin eristysmateriaalina rakennuksissa ja my\u00f6s kuivikkeena navetoissa. Turpeenoton kannattavuus heikkeni samassa tahdissa kuin tekokuidut valloittivat rakennusalaa, ja ymp\u00e4rist\u00f6yst\u00e4v\u00e4llisempi turve joutui v\u00e4istym\u00e4\u00e4n. Hevosten kasvatus oli merkitt\u00e4v\u00e4 t\u00e4ydent\u00e4v\u00e4 tulonl\u00e4hde viime sodan j\u00e4lkeen, mutta merkitys v\u00e4heni kun maamme hevoskanta ei en\u00e4\u00e4 kasvanut.<\/p>\n<p>Tilalla asui evakossa olevia karjalaisia sek\u00e4 viime sodan aikana ett\u00e4 sen j\u00e4lkeen, niin kuin useimmilla muilla kyl\u00e4n tiloilla. Oli vaikeaa ymm\u00e4rt\u00e4\u00e4 toisiaan kun yksikieliset suomea puhuvat karjalaiset muuttivat asumaan samoissa taloissa yksikielisten ruotsia puhuvien kyl\u00e4l\u00e4isten kanssa. Muistissa ei ole vaikeita konflikteja, vaikka talot, navetat ja viljelysmaat jaettiin evakkojen kanssa.<br \/>\nNorrbro on t\u00e4n\u00e4\u00e4n uudenaikainen, ekologinen maatila, jossa tuotetaan paikallisia, puhtaita elintarvikkeita. luonnon ehdoilla.<\/p>\n<p><\/div><div class=\"clearfix\"><\/div><\/p>","protected":false},"excerpt":{"rendered":"","protected":false},"author":3,"featured_media":0,"parent":0,"menu_order":0,"comment_status":"open","ping_status":"open","template":"","meta":{"footnotes":""},"class_list":["post-13","page","type-page","status-publish","hentry"],"aioseo_notices":[],"_links":{"self":[{"href":"https:\/\/norrbro.fi\/fi\/wp-json\/wp\/v2\/pages\/13","targetHints":{"allow":["GET"]}}],"collection":[{"href":"https:\/\/norrbro.fi\/fi\/wp-json\/wp\/v2\/pages"}],"about":[{"href":"https:\/\/norrbro.fi\/fi\/wp-json\/wp\/v2\/types\/page"}],"author":[{"embeddable":true,"href":"https:\/\/norrbro.fi\/fi\/wp-json\/wp\/v2\/users\/3"}],"replies":[{"embeddable":true,"href":"https:\/\/norrbro.fi\/fi\/wp-json\/wp\/v2\/comments?post=13"}],"version-history":[{"count":38,"href":"https:\/\/norrbro.fi\/fi\/wp-json\/wp\/v2\/pages\/13\/revisions"}],"predecessor-version":[{"id":3417,"href":"https:\/\/norrbro.fi\/fi\/wp-json\/wp\/v2\/pages\/13\/revisions\/3417"}],"wp:attachment":[{"href":"https:\/\/norrbro.fi\/fi\/wp-json\/wp\/v2\/media?parent=13"}],"curies":[{"name":"wp","href":"https:\/\/api.w.org\/{rel}","templated":true}]}}